{"id":7287,"date":"2019-12-25T04:27:30","date_gmt":"2019-12-25T04:27:30","guid":{"rendered":"https:\/\/chinesesourcingagents.com\/a-propos-de-nous\/"},"modified":"2025-11-04T03:24:49","modified_gmt":"2025-11-04T03:24:49","slug":"a-propos-de-nous","status":"publish","type":"page","link":"https:\/\/chinesesourcingagents.com\/fr\/a-propos-de-nous\/","title":{"rendered":"\u00c0 propos de nous"},"content":{"rendered":"\t\t<div data-elementor-type=\"wp-page\" data-elementor-id=\"7287\" class=\"elementor elementor-7287 elementor-1137\" data-elementor-post-type=\"page\">\n\t\t\t\t\t\t<section class=\"elementor-section elementor-top-section elementor-element elementor-element-96f1faa elementor-section-stretched elementor-section-full_width elementor-section-height-min-height elementor-section-content-middle elementor-section-height-default elementor-section-items-middle\" data-id=\"96f1faa\" data-element_type=\"section\" data-e-type=\"section\" data-settings=\"{&quot;stretch_section&quot;:&quot;section-stretched&quot;,&quot;background_background&quot;:&quot;classic&quot;}\">\n\t\t\t\t\t\t\t<div class=\"elementor-background-overlay\"><\/div>\n\t\t\t\t\t\t\t<div class=\"elementor-container elementor-column-gap-default\">\n\t\t\t\t\t<div class=\"elementor-column elementor-col-100 elementor-top-column elementor-element elementor-element-828e98c\" data-id=\"828e98c\" data-element_type=\"column\" data-e-type=\"column\">\n\t\t\t<div class=\"elementor-widget-wrap elementor-element-populated\">\n\t\t\t\t\t\t<div class=\"elementor-element elementor-element-b0b1134 elementor-widget elementor-widget-heading\" data-id=\"b0b1134\" data-element_type=\"widget\" data-e-type=\"widget\" data-widget_type=\"heading.default\">\n\t\t\t\t<div class=\"elementor-widget-container\">\n\t\t\t\t\t<h3 class=\"elementor-heading-title elementor-size-default\">\u00c0 propos de nous<\/h3>\t\t\t\t<\/div>\n\t\t\t\t<\/div>\n\t\t\t\t\t<\/div>\n\t\t<\/div>\n\t\t\t\t\t<\/div>\n\t\t<\/section>\n\t\t\t\t<section class=\"elementor-section elementor-top-section elementor-element elementor-element-70e633e elementor-section-boxed elementor-section-height-default elementor-section-height-default\" data-id=\"70e633e\" data-element_type=\"section\" data-e-type=\"section\">\n\t\t\t\t\t\t<div class=\"elementor-container elementor-column-gap-default\">\n\t\t\t\t\t<div class=\"elementor-column elementor-col-50 elementor-top-column elementor-element elementor-element-57b5d5c\" data-id=\"57b5d5c\" data-element_type=\"column\" data-e-type=\"column\">\n\t\t\t<div class=\"elementor-widget-wrap elementor-element-populated\">\n\t\t\t\t\t\t<div class=\"elementor-element elementor-element-1b9e2ea elementor-widget elementor-widget-heading\" data-id=\"1b9e2ea\" data-element_type=\"widget\" data-e-type=\"widget\" data-widget_type=\"heading.default\">\n\t\t\t\t<div class=\"elementor-widget-container\">\n\t\t\t\t\t<h2 class=\"elementor-heading-title elementor-size-default\">Stuart Lunn - Directeur<\/h2>\t\t\t\t<\/div>\n\t\t\t\t<\/div>\n\t\t\t\t<div class=\"elementor-element elementor-element-e56afe0 elementor-widget elementor-widget-image\" data-id=\"e56afe0\" data-element_type=\"widget\" data-e-type=\"widget\" data-widget_type=\"image.default\">\n\t\t\t\t<div class=\"elementor-widget-container\">\n\t\t\t\t\t\t\t\t\t\t\t\t\t\t\t<img fetchpriority=\"high\" decoding=\"async\" width=\"535\" height=\"509\" src=\"https:\/\/chinesesourcingagents.com\/wp-content\/uploads\/2022\/04\/Stuart-2.png\" class=\"attachment-large size-large wp-image-7303\" alt=\"\" srcset=\"https:\/\/chinesesourcingagents.com\/wp-content\/uploads\/2022\/04\/Stuart-2.png 535w, https:\/\/chinesesourcingagents.com\/wp-content\/uploads\/2022\/04\/Stuart-2-300x285.png 300w, https:\/\/chinesesourcingagents.com\/wp-content\/uploads\/2022\/04\/Stuart-2-450x428.png 450w\" sizes=\"(max-width: 535px) 100vw, 535px\" \/>\t\t\t\t\t\t\t\t\t\t\t\t\t\t\t<\/div>\n\t\t\t\t<\/div>\n\t\t\t\t\t<\/div>\n\t\t<\/div>\n\t\t\t\t<div class=\"elementor-column elementor-col-50 elementor-top-column elementor-element elementor-element-77d5ee2\" data-id=\"77d5ee2\" data-element_type=\"column\" data-e-type=\"column\">\n\t\t\t<div class=\"elementor-widget-wrap elementor-element-populated\">\n\t\t\t\t\t\t<div class=\"elementor-element elementor-element-3f0885b elementor-widget elementor-widget-text-editor\" data-id=\"3f0885b\" data-element_type=\"widget\" data-e-type=\"widget\" data-widget_type=\"text-editor.default\">\n\t\t\t\t<div class=\"elementor-widget-container\">\n\t\t\t\t\t\t\t\t\t<p>En tant que Britannique vivant et travaillant en Chine, j&#8217;ai ax\u00e9 ma carri\u00e8re sur une fascination pour la connectivit\u00e9 mondiale. J&#8217;ai toujours \u00e9t\u00e9 captiv\u00e9 par l&#8217;ampleur des cha\u00eenes d&#8217;approvisionnement internationales, par le voyage incroyable qu&#8217;un produit effectue depuis un atelier en Asie jusqu&#8217;\u00e0 une vitrine en Europe ou en Am\u00e9rique du Nord. <\/p><p>J&#8217;ai fond\u00e9 Chinese Sourcing Agents pour \u00eatre le pont essentiel entre les fabricants asiatiques et les importateurs \u00e9trangers. Mon bureau de sourcing met en relation des entreprises occidentales ambitieuses avec des fabricants chinois fiables. Nous sommes bien plus que de simples interm\u00e9diaires : nous sommes les yeux, les oreilles et les partenaires strat\u00e9giques de nos clients sur place. Nous g\u00e9rons les complexit\u00e9s li\u00e9es au sourcing, \u00e0 l&#8217;approvisionnement, \u00e0 la n\u00e9gociation des prix et des quantit\u00e9s, ainsi qu&#8217;au contr\u00f4le qualit\u00e9, afin que nos clients puissent se concentrer sur le d\u00e9veloppement de leur marque et de leurs ventes.   <\/p><p>Pour moi, il n&#8217;y a rien de plus gratifiant que de construire des partenariats solides, durables et transparents qui s&#8217;\u00e9tendent sur plusieurs continents. Si vous cherchez des fabricants fiables et agiles en Chine, je serais ravi d&#8217;\u00e9changer avec vous pour comprendre les enjeux strat\u00e9giques li\u00e9s \u00e0 votre cha\u00eene d&#8217;approvisionnement. <\/p>\t\t\t\t\t\t\t\t<\/div>\n\t\t\t\t<\/div>\n\t\t\t\t\t<\/div>\n\t\t<\/div>\n\t\t\t\t\t<\/div>\n\t\t<\/section>\n\t\t\t\t<section class=\"elementor-section elementor-top-section elementor-element elementor-element-f53d505 elementor-section-boxed elementor-section-height-default elementor-section-height-default\" data-id=\"f53d505\" data-element_type=\"section\" data-e-type=\"section\">\n\t\t\t\t\t\t<div class=\"elementor-container elementor-column-gap-default\">\n\t\t\t\t\t<div class=\"elementor-column elementor-col-33 elementor-top-column elementor-element elementor-element-60108b0\" data-id=\"60108b0\" data-element_type=\"column\" data-e-type=\"column\" data-settings=\"{&quot;background_background&quot;:&quot;classic&quot;}\">\n\t\t\t<div class=\"elementor-widget-wrap elementor-element-populated\">\n\t\t\t\t\t\t<div class=\"elementor-element elementor-element-2881190 elementor-widget elementor-widget-spacer\" data-id=\"2881190\" data-element_type=\"widget\" data-e-type=\"widget\" data-widget_type=\"spacer.default\">\n\t\t\t\t<div class=\"elementor-widget-container\">\n\t\t\t\t\t\t\t<div class=\"elementor-spacer\">\n\t\t\t<div class=\"elementor-spacer-inner\"><\/div>\n\t\t<\/div>\n\t\t\t\t\t\t<\/div>\n\t\t\t\t<\/div>\n\t\t\t\t\t<\/div>\n\t\t<\/div>\n\t\t\t\t<div class=\"elementor-column elementor-col-33 elementor-top-column elementor-element elementor-element-07d108b\" data-id=\"07d108b\" data-element_type=\"column\" data-e-type=\"column\" data-settings=\"{&quot;background_background&quot;:&quot;classic&quot;}\">\n\t\t\t<div class=\"elementor-widget-wrap elementor-element-populated\">\n\t\t\t\t\t\t<div class=\"elementor-element elementor-element-922ce19 elementor-widget elementor-widget-spacer\" data-id=\"922ce19\" data-element_type=\"widget\" data-e-type=\"widget\" data-widget_type=\"spacer.default\">\n\t\t\t\t<div class=\"elementor-widget-container\">\n\t\t\t\t\t\t\t<div class=\"elementor-spacer\">\n\t\t\t<div class=\"elementor-spacer-inner\"><\/div>\n\t\t<\/div>\n\t\t\t\t\t\t<\/div>\n\t\t\t\t<\/div>\n\t\t\t\t\t<\/div>\n\t\t<\/div>\n\t\t\t\t<div class=\"elementor-column elementor-col-33 elementor-top-column elementor-element elementor-element-1e644b2\" data-id=\"1e644b2\" data-element_type=\"column\" data-e-type=\"column\" data-settings=\"{&quot;background_background&quot;:&quot;classic&quot;}\">\n\t\t\t<div class=\"elementor-widget-wrap elementor-element-populated\">\n\t\t\t\t\t\t<div class=\"elementor-element elementor-element-04dc57f elementor-widget elementor-widget-spacer\" data-id=\"04dc57f\" data-element_type=\"widget\" data-e-type=\"widget\" data-widget_type=\"spacer.default\">\n\t\t\t\t<div class=\"elementor-widget-container\">\n\t\t\t\t\t\t\t<div class=\"elementor-spacer\">\n\t\t\t<div class=\"elementor-spacer-inner\"><\/div>\n\t\t<\/div>\n\t\t\t\t\t\t<\/div>\n\t\t\t\t<\/div>\n\t\t\t\t\t<\/div>\n\t\t<\/div>\n\t\t\t\t\t<\/div>\n\t\t<\/section>\n\t\t\t\t<section class=\"elementor-section elementor-top-section elementor-element elementor-element-507d95a elementor-section-boxed elementor-section-height-default elementor-section-height-default\" data-id=\"507d95a\" data-element_type=\"section\" data-e-type=\"section\">\n\t\t\t\t\t\t<div class=\"elementor-container elementor-column-gap-default\">\n\t\t\t\t\t<div class=\"elementor-column elementor-col-100 elementor-top-column elementor-element elementor-element-78447c2\" data-id=\"78447c2\" data-element_type=\"column\" data-e-type=\"column\">\n\t\t\t<div class=\"elementor-widget-wrap elementor-element-populated\">\n\t\t\t\t\t\t<div class=\"elementor-element elementor-element-c1a45ad elementor-widget elementor-widget-text-editor\" data-id=\"c1a45ad\" data-element_type=\"widget\" data-e-type=\"widget\" data-widget_type=\"text-editor.default\">\n\t\t\t\t<div class=\"elementor-widget-container\">\n\t\t\t\t\t\t\t\t\t<p><b>Votre partenaire de confiance en Chine, qui vous propose des solutions pour vous faciliter la vie et vous faire gagner du temps. <\/b><\/p><p>Naviguer dans le vaste paysage manufacturier chinois peut s&#8217;av\u00e9rer complexe, tant les d\u00e9fis sont nombreux : barri\u00e8re de la langue, contr\u00f4le qualit\u00e9 des produits, organisation du transport, etc. Gr\u00e2ce \u00e0 notre \u00e9quipe multilingue et exp\u00e9riment\u00e9e, nous transformons ces incertitudes en une exp\u00e9rience claire, s\u00fbre et ma\u00eetris\u00e9e. <\/p><p>Nos collaborateurs, bas\u00e9s physiquement en Chine, nous permettent d&#8217;\u00eatre au c\u0153ur de la production tout en garantissant le respect total des attentes et du style de communication de nos clients occidentaux. Nous ne sommes pas seulement une voix au t\u00e9l\u00e9phone ; nous sommes vos yeux et vos oreilles sur le terrain.  <\/p><p><b>Notre mission: Rendre les diff\u00e9rentes \u00e9tapes de votre cha\u00eene d&#8217;approvisionnement depuis la Chine simples, s\u00fbres et rentables.<\/b><\/p><p>Notre fondateur, Stuart, a cr\u00e9\u00e9 cette agence pour faciliter l&#8217;achat et l&#8217;importation de vos produits en provenance de Chine. Il a identifi\u00e9 un besoin de la part de nombreuses entreprises occidentales : trouver un partenaire fiable, transparent et ax\u00e9 sur les r\u00e9sultats, qui d\u00e9fende leurs int\u00e9r\u00eats et en qui elles puissent avoir confiance. <\/p><p>Nous g\u00e9rons chaque \u00e9tape de votre cha\u00eene d&#8217;approvisionnement, de la v\u00e9rification de potentiels fournisseurs \u00e0 la recherche initiale de produits, en passant par les inspections de qualit\u00e9 et l&#8217;optimisation de la logistique. Notre objectif est de simplifier ces diff\u00e9rentes \u00e9tapes et de pr\u00e9venir les risques afin de rendre l&#8217;approvisionnement en Chine plus accessible et plus rentable pour votre entreprise. <\/p><p><b>Pourquoi nous choisir ?<\/b><\/p><ul><li><p>Normes europ\u00e9ennes, expertise chinoise: Nous combinons une compr\u00e9hension approfondie de l&#8217;\u00e9thique commerciale occidentale et des attentes en mati\u00e8re de qualit\u00e9 avec une pr\u00e9cieuse connaissance du march\u00e9 local.<\/p><\/li><li><p><b>Transparence totale :<\/b> Nous croyons en une communication claire et constante. Vous recevrez des mises \u00e0 jour r\u00e9guli\u00e8res et aurez un point de contact d\u00e9di\u00e9 pour vous guider tout au long du processus, garantissant l&#8217;absence de surprises. <\/p><\/li><li><p>Contr\u00f4les qualit\u00e9 rigoureux: Notre pr\u00e9sence sur le terrain nous permet d&#8217;inspecter les usines afin de nous assurer qu&#8217;elles respectent les normes et les standards internationaux. Nous garantissons ainsi que le produit qui vous est livr\u00e9 correspond parfaitement \u00e0 celui que vous avez command\u00e9.<\/p><\/li><li><p>Nous offrons une gamme compl\u00e8te de services et notre r\u00f4le va bien au-del\u00e0 de celui d&#8217;agent de sourcing. Nous nous positionnons comme un partenaire d&#8217;importation global, assumant l&#8217;int\u00e9gralit\u00e9 des d\u00e9marches, depuis la n\u00e9gociation des tarifs jusqu&#8217;aux audits de production, en passant par l&#8217;exp\u00e9dition finale. <\/p><\/li><\/ul><p>Que vous soyez un importateur exp\u00e9riment\u00e9 ou que vous d\u00e9butiez, notre \u00e9quipe est l\u00e0 pour vous aider \u00e0 construire une cha\u00eene d&#8217;approvisionnement robuste, fiable et rentable.<\/p><p><b>Faites-nous confiance, nous sommes l\u00e0 pour vous. Contactez-nous d\u00e8s aujourd&#8217;hui pour une consultation gratuite et sans engagement afin d&#8217;explorer les possibilit\u00e9s de distribution de votre produit \u00e0 l&#8217;\u00e9chelle mondiale. <\/b><\/p>\t\t\t\t\t\t\t\t<\/div>\n\t\t\t\t<\/div>\n\t\t\t\t\t<\/div>\n\t\t<\/div>\n\t\t\t\t\t<\/div>\n\t\t<\/section>\n\t\t\t\t<section class=\"elementor-section elementor-top-section elementor-element elementor-element-bf02210 elementor-section-boxed elementor-section-height-default elementor-section-height-default\" data-id=\"bf02210\" data-element_type=\"section\" data-e-type=\"section\">\n\t\t\t\t\t\t<div class=\"elementor-container elementor-column-gap-default\">\n\t\t\t\t\t<div class=\"elementor-column elementor-col-50 elementor-top-column elementor-element elementor-element-0322527\" data-id=\"0322527\" data-element_type=\"column\" data-e-type=\"column\">\n\t\t\t<div class=\"elementor-widget-wrap elementor-element-populated\">\n\t\t\t\t\t\t<div class=\"elementor-element elementor-element-3cabe50 elementor-hidden-desktop elementor-hidden-tablet elementor-widget elementor-widget-heading\" data-id=\"3cabe50\" data-element_type=\"widget\" data-e-type=\"widget\" data-widget_type=\"heading.default\">\n\t\t\t\t<div class=\"elementor-widget-container\">\n\t\t\t\t\t<h2 class=\"elementor-heading-title elementor-size-default\">Notre \u00e9quipe en Chine<\/h2>\t\t\t\t<\/div>\n\t\t\t\t<\/div>\n\t\t\t\t<div class=\"elementor-element elementor-element-82e8097 elementor-widget elementor-widget-image\" data-id=\"82e8097\" data-element_type=\"widget\" data-e-type=\"widget\" data-widget_type=\"image.default\">\n\t\t\t\t<div class=\"elementor-widget-container\">\n\t\t\t\t\t\t\t\t\t\t\t\t\t\t\t<img decoding=\"async\" width=\"640\" height=\"428\" src=\"https:\/\/chinesesourcingagents.com\/wp-content\/uploads\/2022\/04\/\u5fae\u4fe1\u56fe\u7247_202201181432325-1-1024x684.jpg\" class=\"attachment-large size-large wp-image-7285\" alt=\"Notre \u00e9quipe Chinese Sourcing Agents\" srcset=\"https:\/\/chinesesourcingagents.com\/wp-content\/uploads\/2022\/04\/\u5fae\u4fe1\u56fe\u7247_202201181432325-1-1024x684.jpg 1024w, https:\/\/chinesesourcingagents.com\/wp-content\/uploads\/2022\/04\/\u5fae\u4fe1\u56fe\u7247_202201181432325-1-300x200.jpg 300w, https:\/\/chinesesourcingagents.com\/wp-content\/uploads\/2022\/04\/\u5fae\u4fe1\u56fe\u7247_202201181432325-1-768x513.jpg 768w, https:\/\/chinesesourcingagents.com\/wp-content\/uploads\/2022\/04\/\u5fae\u4fe1\u56fe\u7247_202201181432325-1-1536x1027.jpg 1536w, https:\/\/chinesesourcingagents.com\/wp-content\/uploads\/2022\/04\/\u5fae\u4fe1\u56fe\u7247_202201181432325-1-1568x1048.jpg 1568w, https:\/\/chinesesourcingagents.com\/wp-content\/uploads\/2022\/04\/\u5fae\u4fe1\u56fe\u7247_202201181432325-1-450x301.jpg 450w, https:\/\/chinesesourcingagents.com\/wp-content\/uploads\/2022\/04\/\u5fae\u4fe1\u56fe\u7247_202201181432325-1.jpg 1616w\" sizes=\"(max-width: 640px) 100vw, 640px\" \/>\t\t\t\t\t\t\t\t\t\t\t\t\t\t\t<\/div>\n\t\t\t\t<\/div>\n\t\t\t\t\t<\/div>\n\t\t<\/div>\n\t\t\t\t<div class=\"elementor-column elementor-col-50 elementor-top-column elementor-element elementor-element-1578855\" data-id=\"1578855\" data-element_type=\"column\" data-e-type=\"column\">\n\t\t\t<div class=\"elementor-widget-wrap elementor-element-populated\">\n\t\t\t\t\t\t<div class=\"elementor-element elementor-element-f10cb8c elementor-hidden-mobile elementor-widget elementor-widget-heading\" data-id=\"f10cb8c\" data-element_type=\"widget\" data-e-type=\"widget\" data-widget_type=\"heading.default\">\n\t\t\t\t<div class=\"elementor-widget-container\">\n\t\t\t\t\t<h2 class=\"elementor-heading-title elementor-size-default\">Notre \u00e9quipe en Chine<\/h2>\t\t\t\t<\/div>\n\t\t\t\t<\/div>\n\t\t\t\t<div class=\"elementor-element elementor-element-834436c elementor-widget elementor-widget-text-editor\" data-id=\"834436c\" data-element_type=\"widget\" data-e-type=\"widget\" data-widget_type=\"text-editor.default\">\n\t\t\t\t<div class=\"elementor-widget-container\">\n\t\t\t\t\t\t\t\t\t<p>Notre \u00e9quipe trilingue poss\u00e8de l&#8217;expertise n\u00e9cessaire pour sourcer tous types de biens de consommation : \u00e9lectronique, v\u00eatements, \u00e9quipements de sport, produits pour la maison et la cuisine, mobilier d&#8217;int\u00e9rieur et d&#8217;ext\u00e9rieur, mat\u00e9riaux et engins de construction, etc. <\/p><p>Nous disposons \u00e9galement de notre propre r\u00e9seau d&#8217;inspecteurs de qualit\u00e9 et de conformit\u00e9 (CE, UKCA), ainsi que d&#8217;un responsable logistique.<\/p>\t\t\t\t\t\t\t\t<\/div>\n\t\t\t\t<\/div>\n\t\t\t\t\t<\/div>\n\t\t<\/div>\n\t\t\t\t\t<\/div>\n\t\t<\/section>\n\t\t\t\t<section class=\"elementor-section elementor-top-section elementor-element elementor-element-44a8ddb elementor-section-content-middle elementor-section-boxed elementor-section-height-default elementor-section-height-default\" data-id=\"44a8ddb\" data-element_type=\"section\" data-e-type=\"section\">\n\t\t\t\t\t\t<div class=\"elementor-container elementor-column-gap-default\">\n\t\t\t\t\t<div class=\"elementor-column elementor-col-50 elementor-top-column elementor-element elementor-element-6ba70e4\" data-id=\"6ba70e4\" data-element_type=\"column\" data-e-type=\"column\">\n\t\t\t<div class=\"elementor-widget-wrap elementor-element-populated\">\n\t\t\t\t\t\t<div class=\"elementor-element elementor-element-ff4b53c elementor-widget elementor-widget-text-editor\" data-id=\"ff4b53c\" data-element_type=\"widget\" data-e-type=\"widget\" data-widget_type=\"text-editor.default\">\n\t\t\t\t<div class=\"elementor-widget-container\">\n\t\t\t\t\t\t\t\t\t<p>Afin de proposer \u00e0 nos clients une prestation aboutie, <a href=\"https:\/\/find-and-update.company-information.service.gov.uk\/company\/08877369\">Chinese Sourcing Agents<\/a> fonctionne avec une structure \u00e0 double entit\u00e9. Notre soci\u00e9t\u00e9, enregistr\u00e9e au Royaume-Uni (num\u00e9ro d&#8217;entreprise 08877369), g\u00e8re la relation client. Nos op\u00e9rations sur le terrain, y compris la v\u00e9rification des fournisseurs, le contr\u00f4le qualit\u00e9 et la logistique en Chine, sont quant \u00e0 elles g\u00e9r\u00e9es par notre entit\u00e9 chinoise agr\u00e9\u00e9e et enregistr\u00e9e, Shenzhen Yizi International Trading Company (\u6df1\u5733\u6bc5\u5b5c\u56fd\u9645\u8d38\u6613\u6709\u9650\u516c\u53f8). Cette structure nous permet de garantir notre pleine conformit\u00e9 aux lois locales et d&#8217;acc\u00e9der directement et l\u00e9galement aux meilleurs fabricants en Chine, pour une exp\u00e9rience fluide et s\u00e9curis\u00e9e.   <\/p>\t\t\t\t\t\t\t\t<\/div>\n\t\t\t\t<\/div>\n\t\t\t\t\t<\/div>\n\t\t<\/div>\n\t\t\t\t<div class=\"elementor-column elementor-col-50 elementor-top-column elementor-element elementor-element-8aae967\" data-id=\"8aae967\" data-element_type=\"column\" data-e-type=\"column\">\n\t\t\t<div class=\"elementor-widget-wrap elementor-element-populated\">\n\t\t\t\t\t\t<div class=\"elementor-element elementor-element-058d983 elementor-widget elementor-widget-image\" data-id=\"058d983\" data-element_type=\"widget\" data-e-type=\"widget\" data-widget_type=\"image.default\">\n\t\t\t\t<div class=\"elementor-widget-container\">\n\t\t\t\t\t\t\t\t\t\t\t\t\t\t\t<img decoding=\"async\" width=\"640\" height=\"453\" src=\"https:\/\/chinesesourcingagents.com\/wp-content\/uploads\/2025\/09\/Shenzhen-Yizi-Business-Services-Business-Licence-1024x724.jpg\" class=\"attachment-large size-large wp-image-7302\" alt=\"\" srcset=\"https:\/\/chinesesourcingagents.com\/wp-content\/uploads\/2025\/09\/Shenzhen-Yizi-Business-Services-Business-Licence-1024x724.jpg 1024w, https:\/\/chinesesourcingagents.com\/wp-content\/uploads\/2025\/09\/Shenzhen-Yizi-Business-Services-Business-Licence-300x212.jpg 300w, https:\/\/chinesesourcingagents.com\/wp-content\/uploads\/2025\/09\/Shenzhen-Yizi-Business-Services-Business-Licence-768x543.jpg 768w, https:\/\/chinesesourcingagents.com\/wp-content\/uploads\/2025\/09\/Shenzhen-Yizi-Business-Services-Business-Licence-1536x1086.jpg 1536w, https:\/\/chinesesourcingagents.com\/wp-content\/uploads\/2025\/09\/Shenzhen-Yizi-Business-Services-Business-Licence-2048x1448.jpg 2048w, https:\/\/chinesesourcingagents.com\/wp-content\/uploads\/2025\/09\/Shenzhen-Yizi-Business-Services-Business-Licence-1568x1108.jpg 1568w\" sizes=\"(max-width: 640px) 100vw, 640px\" \/>\t\t\t\t\t\t\t\t\t\t\t\t\t\t\t<\/div>\n\t\t\t\t<\/div>\n\t\t\t\t\t<\/div>\n\t\t<\/div>\n\t\t\t\t\t<\/div>\n\t\t<\/section>\n\t\t\t\t<\/div>\n\t\t","protected":false},"excerpt":{"rendered":"<p>\u00c0 propos de nous Stuart Lunn &#8211; Directeur En tant que Britannique vivant et travaillant en Chine, j&#8217;ai ax\u00e9 ma carri\u00e8re sur une fascination pour la connectivit\u00e9 mondiale. J&#8217;ai toujours \u00e9t\u00e9 captiv\u00e9 par l&#8217;ampleur des cha\u00eenes d&#8217;approvisionnement internationales, par le voyage incroyable qu&#8217;un produit effectue depuis un atelier en Asie jusqu&#8217;\u00e0 une vitrine en Europe &hellip; <\/p>\n<p class=\"link-more\"><a href=\"https:\/\/chinesesourcingagents.com\/fr\/a-propos-de-nous\/\" class=\"more-link\">Continuer la lecture <span class=\"screen-reader-text\"> \u00ab\u00a0\u00c0 propos de nous\u00a0\u00bb<\/span><\/a><\/p>\n","protected":false},"author":1,"featured_media":0,"parent":0,"menu_order":0,"comment_status":"closed","ping_status":"closed","template":"elementor_header_footer","meta":{"nf_dc_page":"","_monsterinsights_skip_tracking":false,"_monsterinsights_sitenote_active":false,"_monsterinsights_sitenote_note":"","_monsterinsights_sitenote_category":0,"footnotes":""},"class_list":["post-7287","page","type-page","status-publish","hentry","entry"],"aioseo_notices":[],"_links":{"self":[{"href":"https:\/\/chinesesourcingagents.com\/fr\/wp-json\/wp\/v2\/pages\/7287","targetHints":{"allow":["GET"]}}],"collection":[{"href":"https:\/\/chinesesourcingagents.com\/fr\/wp-json\/wp\/v2\/pages"}],"about":[{"href":"https:\/\/chinesesourcingagents.com\/fr\/wp-json\/wp\/v2\/types\/page"}],"author":[{"embeddable":true,"href":"https:\/\/chinesesourcingagents.com\/fr\/wp-json\/wp\/v2\/users\/1"}],"replies":[{"embeddable":true,"href":"https:\/\/chinesesourcingagents.com\/fr\/wp-json\/wp\/v2\/comments?post=7287"}],"version-history":[{"count":3,"href":"https:\/\/chinesesourcingagents.com\/fr\/wp-json\/wp\/v2\/pages\/7287\/revisions"}],"predecessor-version":[{"id":7430,"href":"https:\/\/chinesesourcingagents.com\/fr\/wp-json\/wp\/v2\/pages\/7287\/revisions\/7430"}],"wp:attachment":[{"href":"https:\/\/chinesesourcingagents.com\/fr\/wp-json\/wp\/v2\/media?parent=7287"}],"curies":[{"name":"wp","href":"https:\/\/api.w.org\/{rel}","templated":true}]}}