{"id":7305,"date":"2019-12-26T06:13:08","date_gmt":"2019-12-26T06:13:08","guid":{"rendered":"https:\/\/chinesesourcingagents.com\/blog\/"},"modified":"2025-11-02T08:40:50","modified_gmt":"2025-11-02T08:40:50","slug":"blog","status":"publish","type":"page","link":"https:\/\/chinesesourcingagents.com\/fr\/blog\/","title":{"rendered":"Blog"},"content":{"rendered":"\t\t<div data-elementor-type=\"wp-page\" data-elementor-id=\"7305\" class=\"elementor elementor-7305 elementor-1166\" data-elementor-post-type=\"page\">\n\t\t\t\t\t\t<section class=\"elementor-section elementor-top-section elementor-element elementor-element-90e6848 elementor-section-stretched elementor-section-full_width elementor-section-height-min-height elementor-section-content-middle elementor-section-height-default elementor-section-items-middle\" data-id=\"90e6848\" data-element_type=\"section\" data-e-type=\"section\" data-settings=\"{&quot;stretch_section&quot;:&quot;section-stretched&quot;,&quot;background_background&quot;:&quot;classic&quot;}\">\n\t\t\t\t\t\t\t<div class=\"elementor-background-overlay\"><\/div>\n\t\t\t\t\t\t\t<div class=\"elementor-container elementor-column-gap-default\">\n\t\t\t\t\t<div class=\"elementor-column elementor-col-100 elementor-top-column elementor-element elementor-element-e7a8217\" data-id=\"e7a8217\" data-element_type=\"column\" data-e-type=\"column\">\n\t\t\t<div class=\"elementor-widget-wrap elementor-element-populated\">\n\t\t\t\t\t\t<div class=\"elementor-element elementor-element-99e6ebd elementor-widget elementor-widget-heading\" data-id=\"99e6ebd\" data-element_type=\"widget\" data-e-type=\"widget\" data-widget_type=\"heading.default\">\n\t\t\t\t<div class=\"elementor-widget-container\">\n\t\t\t\t\t<h3 class=\"elementor-heading-title elementor-size-default\">Blog<\/h3>\t\t\t\t<\/div>\n\t\t\t\t<\/div>\n\t\t\t\t\t<\/div>\n\t\t<\/div>\n\t\t\t\t\t<\/div>\n\t\t<\/section>\n\t\t\t\t<section class=\"elementor-section elementor-top-section elementor-element elementor-element-13bdc18 elementor-section-stretched elementor-section-height-min-height elementor-section-content-middle elementor-section-boxed elementor-section-height-default elementor-section-items-middle\" data-id=\"13bdc18\" data-element_type=\"section\" data-e-type=\"section\" data-settings=\"{&quot;stretch_section&quot;:&quot;section-stretched&quot;,&quot;background_background&quot;:&quot;classic&quot;}\">\n\t\t\t\t\t\t<div class=\"elementor-container elementor-column-gap-default\">\n\t\t\t\t\t<div class=\"elementor-column elementor-col-100 elementor-top-column elementor-element elementor-element-168814c\" data-id=\"168814c\" data-element_type=\"column\" data-e-type=\"column\">\n\t\t\t<div class=\"elementor-widget-wrap elementor-element-populated\">\n\t\t\t\t\t\t<div class=\"elementor-element elementor-element-a797bd3 elementor-grid-3 elementor-grid-tablet-2 elementor-grid-mobile-1 elementor-posts--thumbnail-top elementor-widget elementor-widget-posts\" data-id=\"a797bd3\" data-element_type=\"widget\" data-e-type=\"widget\" data-settings=\"{&quot;classic_columns&quot;:&quot;3&quot;,&quot;classic_columns_tablet&quot;:&quot;2&quot;,&quot;classic_columns_mobile&quot;:&quot;1&quot;,&quot;classic_row_gap&quot;:{&quot;unit&quot;:&quot;px&quot;,&quot;size&quot;:35,&quot;sizes&quot;:[]},&quot;classic_row_gap_tablet&quot;:{&quot;unit&quot;:&quot;px&quot;,&quot;size&quot;:&quot;&quot;,&quot;sizes&quot;:[]},&quot;classic_row_gap_mobile&quot;:{&quot;unit&quot;:&quot;px&quot;,&quot;size&quot;:&quot;&quot;,&quot;sizes&quot;:[]}}\" data-widget_type=\"posts.classic\">\n\t\t\t\t<div class=\"elementor-widget-container\">\n\t\t\t\t\t\t\t<div class=\"elementor-posts-container elementor-posts elementor-posts--skin-classic elementor-grid\" role=\"list\">\n\t\t\t\t<article class=\"elementor-post elementor-grid-item post-7394 post type-post status-publish format-standard has-post-thumbnail hentry category-non-categorise entry\" role=\"listitem\">\n\t\t\t\t<a class=\"elementor-post__thumbnail__link\" href=\"https:\/\/chinesesourcingagents.com\/fr\/evitez-de-vous-faire-arreter-en-nelectrocutant-pas-vos-clients-nous-vous-apprenons-comment-faire-certifier-vos-produits-ce-ukca-ul\/\" tabindex=\"-1\" >\n\t\t\t<div class=\"elementor-post__thumbnail\"><img fetchpriority=\"high\" decoding=\"async\" width=\"300\" height=\"169\" src=\"https:\/\/chinesesourcingagents.com\/wp-content\/uploads\/2022\/05\/electrocuted-300x169.jpg\" class=\"attachment-medium size-medium wp-image-7413\" alt=\"\" srcset=\"https:\/\/chinesesourcingagents.com\/wp-content\/uploads\/2022\/05\/electrocuted-300x169.jpg 300w, https:\/\/chinesesourcingagents.com\/wp-content\/uploads\/2022\/05\/electrocuted-1024x576.jpg 1024w, https:\/\/chinesesourcingagents.com\/wp-content\/uploads\/2022\/05\/electrocuted-768x432.jpg 768w, https:\/\/chinesesourcingagents.com\/wp-content\/uploads\/2022\/05\/electrocuted.jpg 1280w\" sizes=\"(max-width: 300px) 100vw, 300px\" \/><\/div>\n\t\t<\/a>\n\t\t\t\t<div class=\"elementor-post__text\">\n\t\t\t\t<h2 class=\"elementor-post__title\">\n\t\t\t<a href=\"https:\/\/chinesesourcingagents.com\/fr\/evitez-de-vous-faire-arreter-en-nelectrocutant-pas-vos-clients-nous-vous-apprenons-comment-faire-certifier-vos-produits-ce-ukca-ul\/\" >\n\t\t\t\t\u00c9vitez de vous faire arr\u00eater en n&#8217;\u00e9lectrocutant pas vos clients. Nous vous apprenons comment faire certifier vos produits CE\/UKCA\/UL.\t\t\t<\/a>\n\t\t<\/h2>\n\t\t\t\t<div class=\"elementor-post__meta-data\">\n\t\t\t\t\t<span class=\"elementor-post-date\">\n\t\t\t17 mai 2022\t\t<\/span>\n\t\t\t\t<\/div>\n\t\t\t\t<div class=\"elementor-post__excerpt\">\n\t\t\t<p>CE\/UKCA\/UL. Conformit\u00e9 des produits, quel est l&#8217;enjeu&nbsp;?! Table des mati\u00e8res Si votre produit n&#8217;est pas conforme aux normes de s\u00e9curit\u00e9, vous \u00eates personnellement responsable devant<\/p>\n\t\t<\/div>\n\t\t\n\t\t<a class=\"elementor-post__read-more\" href=\"https:\/\/chinesesourcingagents.com\/fr\/evitez-de-vous-faire-arreter-en-nelectrocutant-pas-vos-clients-nous-vous-apprenons-comment-faire-certifier-vos-produits-ce-ukca-ul\/\" aria-label=\"En savoir plus sur \u00c9vitez de vous faire arr\u00eater en n&#8217;\u00e9lectrocutant pas vos clients. Nous vous apprenons comment faire certifier vos produits CE\/UKCA\/UL.\" tabindex=\"-1\" >\n\t\t\tLire la suite \u00bb\t\t<\/a>\n\n\t\t\t\t<\/div>\n\t\t\t\t<\/article>\n\t\t\t\t<article class=\"elementor-post elementor-grid-item post-7380 post type-post status-publish format-standard has-post-thumbnail hentry category-non-categorise entry\" role=\"listitem\">\n\t\t\t\t<a class=\"elementor-post__thumbnail__link\" href=\"https:\/\/chinesesourcingagents.com\/fr\/eliminez-les-risques-et-evitez-les-arnaques-protection-des-paiements-en-chine-en-utilisant-les-secrets-dinities-des-agents-dapprovisionnement-chinois\/\" tabindex=\"-1\" >\n\t\t\t<div class=\"elementor-post__thumbnail\"><img decoding=\"async\" width=\"300\" height=\"169\" src=\"https:\/\/chinesesourcingagents.com\/wp-content\/uploads\/2022\/04\/Hamburgler-300x169.jpg\" class=\"attachment-medium size-medium wp-image-7391\" alt=\"\" srcset=\"https:\/\/chinesesourcingagents.com\/wp-content\/uploads\/2022\/04\/Hamburgler-300x169.jpg 300w, https:\/\/chinesesourcingagents.com\/wp-content\/uploads\/2022\/04\/Hamburgler-1024x576.jpg 1024w, https:\/\/chinesesourcingagents.com\/wp-content\/uploads\/2022\/04\/Hamburgler-768x432.jpg 768w, https:\/\/chinesesourcingagents.com\/wp-content\/uploads\/2022\/04\/Hamburgler-1536x864.jpg 1536w, https:\/\/chinesesourcingagents.com\/wp-content\/uploads\/2022\/04\/Hamburgler-1568x882.jpg 1568w, https:\/\/chinesesourcingagents.com\/wp-content\/uploads\/2022\/04\/Hamburgler.jpg 1600w\" sizes=\"(max-width: 300px) 100vw, 300px\" \/><\/div>\n\t\t<\/a>\n\t\t\t\t<div class=\"elementor-post__text\">\n\t\t\t\t<h2 class=\"elementor-post__title\">\n\t\t\t<a href=\"https:\/\/chinesesourcingagents.com\/fr\/eliminez-les-risques-et-evitez-les-arnaques-protection-des-paiements-en-chine-en-utilisant-les-secrets-dinities-des-agents-dapprovisionnement-chinois\/\" >\n\t\t\t\t\u00c9liminez les risques et \u00e9vitez les arnaques. Protection des paiements en Chine en utilisant les secrets d&#8217;initi\u00e9s des agents d&#8217;approvisionnement chinois\t\t\t<\/a>\n\t\t<\/h2>\n\t\t\t\t<div class=\"elementor-post__meta-data\">\n\t\t\t\t\t<span class=\"elementor-post-date\">\n\t\t\t30 avril 2022\t\t<\/span>\n\t\t\t\t<\/div>\n\t\t\t\t<div class=\"elementor-post__excerpt\">\n\t\t\t<p>A \u2013 AlibabaM \u2013 Accord de fabricationV \u2013 V\u00e9rification des fabricantsI \u2013 Inspection des produits \u00c9vitez de d\u00e9penser de l&#8217;argent et de recevoir des produits<\/p>\n\t\t<\/div>\n\t\t\n\t\t<a class=\"elementor-post__read-more\" href=\"https:\/\/chinesesourcingagents.com\/fr\/eliminez-les-risques-et-evitez-les-arnaques-protection-des-paiements-en-chine-en-utilisant-les-secrets-dinities-des-agents-dapprovisionnement-chinois\/\" aria-label=\"En savoir plus sur \u00c9liminez les risques et \u00e9vitez les arnaques. Protection des paiements en Chine en utilisant les secrets d&#8217;initi\u00e9s des agents d&#8217;approvisionnement chinois\" tabindex=\"-1\" >\n\t\t\tLire la suite \u00bb\t\t<\/a>\n\n\t\t\t\t<\/div>\n\t\t\t\t<\/article>\n\t\t\t\t<article class=\"elementor-post elementor-grid-item post-7368 post type-post status-publish format-standard has-post-thumbnail hentry category-apercu-du-marche tag-automatisation tag-electrodeposition entry\" role=\"listitem\">\n\t\t\t\t<a class=\"elementor-post__thumbnail__link\" href=\"https:\/\/chinesesourcingagents.com\/fr\/prix-de-lelectrodeposition\/\" tabindex=\"-1\" >\n\t\t\t<div class=\"elementor-post__thumbnail\"><img decoding=\"async\" width=\"300\" height=\"199\" src=\"https:\/\/chinesesourcingagents.com\/wp-content\/uploads\/2021\/02\/Electroplating-300x199.jpg\" class=\"attachment-medium size-medium wp-image-7371\" alt=\"\u00c9lectrod\u00e9position\" srcset=\"https:\/\/chinesesourcingagents.com\/wp-content\/uploads\/2021\/02\/Electroplating-300x199.jpg 300w, https:\/\/chinesesourcingagents.com\/wp-content\/uploads\/2021\/02\/Electroplating-768x510.jpg 768w, https:\/\/chinesesourcingagents.com\/wp-content\/uploads\/2021\/02\/Electroplating.jpg 900w\" sizes=\"(max-width: 300px) 100vw, 300px\" \/><\/div>\n\t\t<\/a>\n\t\t\t\t<div class=\"elementor-post__text\">\n\t\t\t\t<h2 class=\"elementor-post__title\">\n\t\t\t<a href=\"https:\/\/chinesesourcingagents.com\/fr\/prix-de-lelectrodeposition\/\" >\n\t\t\t\tPrix de l&#8217;\u00e9lectrod\u00e9position\t\t\t<\/a>\n\t\t<\/h2>\n\t\t\t\t<div class=\"elementor-post__meta-data\">\n\t\t\t\t\t<span class=\"elementor-post-date\">\n\t\t\t28 f\u00e9vrier 2021\t\t<\/span>\n\t\t\t\t<\/div>\n\t\t\t\t<div class=\"elementor-post__excerpt\">\n\t\t\t<p>La hausse des prix de l&#8217;\u00e9lectrod\u00e9position en Chine par Stuart Lunn Qu&#8217;est-ce que l&#8217;\u00e9lectrod\u00e9position ? L&#8217;\u00e9lectrod\u00e9position est le processus utilisant l&#8217;\u00e9lectrolyse pour fixer un film<\/p>\n\t\t<\/div>\n\t\t\n\t\t<a class=\"elementor-post__read-more\" href=\"https:\/\/chinesesourcingagents.com\/fr\/prix-de-lelectrodeposition\/\" aria-label=\"En savoir plus sur Prix de l&#8217;\u00e9lectrod\u00e9position\" tabindex=\"-1\" >\n\t\t\tLire la suite \u00bb\t\t<\/a>\n\n\t\t\t\t<\/div>\n\t\t\t\t<\/article>\n\t\t\t\t<article class=\"elementor-post elementor-grid-item post-7365 post type-post status-publish format-standard has-post-thumbnail hentry category-apercu-du-marche tag-73 tag-alibaba entry\" role=\"listitem\">\n\t\t\t\t<a class=\"elementor-post__thumbnail__link\" href=\"https:\/\/chinesesourcingagents.com\/fr\/1688-vs-alibaba\/\" tabindex=\"-1\" >\n\t\t\t<div class=\"elementor-post__thumbnail\"><img loading=\"lazy\" decoding=\"async\" width=\"300\" height=\"166\" src=\"https:\/\/chinesesourcingagents.com\/wp-content\/uploads\/2021\/02\/what-is-1688-300x166.jpg\" class=\"attachment-medium size-medium wp-image-7366\" alt=\"\" srcset=\"https:\/\/chinesesourcingagents.com\/wp-content\/uploads\/2021\/02\/what-is-1688-300x166.jpg 300w, https:\/\/chinesesourcingagents.com\/wp-content\/uploads\/2021\/02\/what-is-1688-768x425.jpg 768w, https:\/\/chinesesourcingagents.com\/wp-content\/uploads\/2021\/02\/what-is-1688.jpg 800w\" sizes=\"(max-width: 300px) 100vw, 300px\" \/><\/div>\n\t\t<\/a>\n\t\t\t\t<div class=\"elementor-post__text\">\n\t\t\t\t<h2 class=\"elementor-post__title\">\n\t\t\t<a href=\"https:\/\/chinesesourcingagents.com\/fr\/1688-vs-alibaba\/\" >\n\t\t\t\t1688 vs Alibaba\t\t\t<\/a>\n\t\t<\/h2>\n\t\t\t\t<div class=\"elementor-post__meta-data\">\n\t\t\t\t\t<span class=\"elementor-post-date\">\n\t\t\t27 janvier 2021\t\t<\/span>\n\t\t\t\t<\/div>\n\t\t\t\t<div class=\"elementor-post__excerpt\">\n\t\t\t<p>Qu&#8217;est-ce que 1688.Com ? En chinois, 1688 se prononce \u00ab Yao Liu Ba Ba \u00bb ce qui ressemble \u00e0 \u00ab A Li Ba Ba \u00bb. En termes simples, il s&#8217;agit de la version chinoise d&#8217;Alibaba.<\/p>\n\t\t<\/div>\n\t\t\n\t\t<a class=\"elementor-post__read-more\" href=\"https:\/\/chinesesourcingagents.com\/fr\/1688-vs-alibaba\/\" aria-label=\"En savoir plus sur 1688 vs Alibaba\" tabindex=\"-1\" >\n\t\t\tLire la suite \u00bb\t\t<\/a>\n\n\t\t\t\t<\/div>\n\t\t\t\t<\/article>\n\t\t\t\t<article class=\"elementor-post elementor-grid-item post-7361 post type-post status-publish format-standard has-post-thumbnail hentry category-pi tag-marque-deposee tag-propriete-intellectuelle tag-protection-du-design tag-redaction entry\" role=\"listitem\">\n\t\t\t\t<a class=\"elementor-post__thumbnail__link\" href=\"https:\/\/chinesesourcingagents.com\/fr\/une-lecon-sur-la-propriete-intellectuelle\/\" tabindex=\"-1\" >\n\t\t\t<div class=\"elementor-post__thumbnail\"><img loading=\"lazy\" decoding=\"async\" width=\"300\" height=\"300\" src=\"https:\/\/chinesesourcingagents.com\/wp-content\/uploads\/2021\/02\/trx-2-300x300.jpg\" class=\"attachment-medium size-medium wp-image-7363\" alt=\"\" srcset=\"https:\/\/chinesesourcingagents.com\/wp-content\/uploads\/2021\/02\/trx-2-300x300.jpg 300w, https:\/\/chinesesourcingagents.com\/wp-content\/uploads\/2021\/02\/trx-2-150x150.jpg 150w, https:\/\/chinesesourcingagents.com\/wp-content\/uploads\/2021\/02\/trx-2-768x768.jpg 768w, https:\/\/chinesesourcingagents.com\/wp-content\/uploads\/2021\/02\/trx-2-450x450.jpg 450w, https:\/\/chinesesourcingagents.com\/wp-content\/uploads\/2021\/02\/trx-2-100x100.jpg 100w, https:\/\/chinesesourcingagents.com\/wp-content\/uploads\/2021\/02\/trx-2.jpg 800w\" sizes=\"(max-width: 300px) 100vw, 300px\" \/><\/div>\n\t\t<\/a>\n\t\t\t\t<div class=\"elementor-post__text\">\n\t\t\t\t<h2 class=\"elementor-post__title\">\n\t\t\t<a href=\"https:\/\/chinesesourcingagents.com\/fr\/une-lecon-sur-la-propriete-intellectuelle\/\" >\n\t\t\t\tUne le\u00e7on sur la propri\u00e9t\u00e9 intellectuelle\t\t\t<\/a>\n\t\t<\/h2>\n\t\t\t\t<div class=\"elementor-post__meta-data\">\n\t\t\t\t\t<span class=\"elementor-post-date\">\n\t\t\t23 f\u00e9vrier 2020\t\t<\/span>\n\t\t\t\t<\/div>\n\t\t\t\t<div class=\"elementor-post__excerpt\">\n\t\t\t<p>Un de nos clients a d\u00e9velopp\u00e9 une liste de produits sur Amazon, mais celle-ci a \u00e9t\u00e9 disqualifi\u00e9e en raison d&#8217;une violation de la propri\u00e9t\u00e9 intellectuelle (PI). Nous allons vous raconter l&#8217;histoire, vous donner un bref aper\u00e7u de la PI et de la mani\u00e8re d&#8217;\u00e9viter les violations, et peut-\u00eatre m\u00eame de continuer \u00e0 vendre le produit. <\/p>\n\t\t<\/div>\n\t\t\n\t\t<a class=\"elementor-post__read-more\" href=\"https:\/\/chinesesourcingagents.com\/fr\/une-lecon-sur-la-propriete-intellectuelle\/\" aria-label=\"En savoir plus sur Une le\u00e7on sur la propri\u00e9t\u00e9 intellectuelle\" tabindex=\"-1\" >\n\t\t\tLire la suite \u00bb\t\t<\/a>\n\n\t\t\t\t<\/div>\n\t\t\t\t<\/article>\n\t\t\t\t<\/div>\n\t\t\n\t\t\t\t\t\t<\/div>\n\t\t\t\t<\/div>\n\t\t\t\t\t<\/div>\n\t\t<\/div>\n\t\t\t\t\t<\/div>\n\t\t<\/section>\n\t\t\t\t<\/div>\n\t\t","protected":false},"excerpt":{"rendered":"<p>Blog<\/p>\n","protected":false},"author":1,"featured_media":0,"parent":0,"menu_order":0,"comment_status":"closed","ping_status":"closed","template":"elementor_header_footer","meta":{"nf_dc_page":"","_monsterinsights_skip_tracking":false,"_monsterinsights_sitenote_active":false,"_monsterinsights_sitenote_note":"","_monsterinsights_sitenote_category":0,"footnotes":""},"class_list":["post-7305","page","type-page","status-publish","hentry","entry"],"aioseo_notices":[],"_links":{"self":[{"href":"https:\/\/chinesesourcingagents.com\/fr\/wp-json\/wp\/v2\/pages\/7305","targetHints":{"allow":["GET"]}}],"collection":[{"href":"https:\/\/chinesesourcingagents.com\/fr\/wp-json\/wp\/v2\/pages"}],"about":[{"href":"https:\/\/chinesesourcingagents.com\/fr\/wp-json\/wp\/v2\/types\/page"}],"author":[{"embeddable":true,"href":"https:\/\/chinesesourcingagents.com\/fr\/wp-json\/wp\/v2\/users\/1"}],"replies":[{"embeddable":true,"href":"https:\/\/chinesesourcingagents.com\/fr\/wp-json\/wp\/v2\/comments?post=7305"}],"version-history":[{"count":1,"href":"https:\/\/chinesesourcingagents.com\/fr\/wp-json\/wp\/v2\/pages\/7305\/revisions"}],"predecessor-version":[{"id":7314,"href":"https:\/\/chinesesourcingagents.com\/fr\/wp-json\/wp\/v2\/pages\/7305\/revisions\/7314"}],"wp:attachment":[{"href":"https:\/\/chinesesourcingagents.com\/fr\/wp-json\/wp\/v2\/media?parent=7305"}],"curies":[{"name":"wp","href":"https:\/\/api.w.org\/{rel}","templated":true}]}}