{"id":7327,"date":"2020-07-19T07:02:38","date_gmt":"2020-07-19T07:02:38","guid":{"rendered":"https:\/\/chinesesourcingagents.com\/1688-vs-alibaba\/"},"modified":"2025-11-02T08:44:48","modified_gmt":"2025-11-02T08:44:48","slug":"1688-vs-alibaba","status":"publish","type":"page","link":"https:\/\/chinesesourcingagents.com\/fr\/1688-vs-alibaba\/","title":{"rendered":"1688 vs alibaba"},"content":{"rendered":"\t\t<div data-elementor-type=\"wp-page\" data-elementor-id=\"7327\" class=\"elementor elementor-7327 elementor-2187\" data-elementor-post-type=\"page\">\n\t\t\t\t\t\t<section class=\"elementor-section elementor-top-section elementor-element elementor-element-0a14b4d elementor-section-stretched elementor-section-full_width elementor-section-height-min-height elementor-section-content-middle elementor-section-height-default elementor-section-items-middle\" data-id=\"0a14b4d\" data-element_type=\"section\" data-e-type=\"section\" data-settings=\"{&quot;stretch_section&quot;:&quot;section-stretched&quot;,&quot;background_background&quot;:&quot;classic&quot;}\">\n\t\t\t\t\t\t<div class=\"elementor-container elementor-column-gap-default\">\n\t\t\t\t\t<div class=\"elementor-column elementor-col-100 elementor-top-column elementor-element elementor-element-8786acb\" data-id=\"8786acb\" data-element_type=\"column\" data-e-type=\"column\">\n\t\t\t<div class=\"elementor-widget-wrap\">\n\t\t\t\t\t\t\t<\/div>\n\t\t<\/div>\n\t\t\t\t\t<\/div>\n\t\t<\/section>\n\t\t\t\t<section class=\"elementor-section elementor-top-section elementor-element elementor-element-d4dd398 elementor-section-stretched elementor-section-boxed elementor-section-height-default elementor-section-height-default\" data-id=\"d4dd398\" data-element_type=\"section\" data-e-type=\"section\" data-settings=\"{&quot;stretch_section&quot;:&quot;section-stretched&quot;}\">\n\t\t\t\t\t\t<div class=\"elementor-container elementor-column-gap-default\">\n\t\t\t\t\t<div class=\"elementor-column elementor-col-100 elementor-top-column elementor-element elementor-element-9935d22\" data-id=\"9935d22\" data-element_type=\"column\" data-e-type=\"column\">\n\t\t\t<div class=\"elementor-widget-wrap elementor-element-populated\">\n\t\t\t\t\t\t<div class=\"elementor-element elementor-element-1f42089 elementor-widget elementor-widget-spacer\" data-id=\"1f42089\" data-element_type=\"widget\" data-e-type=\"widget\" data-widget_type=\"spacer.default\">\n\t\t\t\t<div class=\"elementor-widget-container\">\n\t\t\t\t\t\t\t<div class=\"elementor-spacer\">\n\t\t\t<div class=\"elementor-spacer-inner\"><\/div>\n\t\t<\/div>\n\t\t\t\t\t\t<\/div>\n\t\t\t\t<\/div>\n\t\t\t\t<div class=\"elementor-element elementor-element-446f061 elementor-widget elementor-widget-heading\" data-id=\"446f061\" data-element_type=\"widget\" data-e-type=\"widget\" data-widget_type=\"heading.default\">\n\t\t\t\t<div class=\"elementor-widget-container\">\n\t\t\t\t\t<h3 class=\"elementor-heading-title elementor-size-default\">1688 vs Alibaba<\/h3>\t\t\t\t<\/div>\n\t\t\t\t<\/div>\n\t\t\t\t<div class=\"elementor-element elementor-element-4b6a600 elementor-widget elementor-widget-text-editor\" data-id=\"4b6a600\" data-element_type=\"widget\" data-e-type=\"widget\" data-widget_type=\"text-editor.default\">\n\t\t\t\t<div class=\"elementor-widget-container\">\n\t\t\t\t\t\t\t\t\t<p>Qu&#8217;est-ce que 1688.Com ? En chinois, 1688 se prononce \u00ab Yao Liu Ba Ba \u00bb ce qui ressemble \u00e0 \u00ab A Li Ba Ba \u00bb. En termes simples, il s&#8217;agit de la version chinoise d&#8217;Alibaba. Vous recherchez des produits de la m\u00eame mani\u00e8re que sur Alibaba. Dans cet article, nous identifions les facteurs qui varient ainsi que les avantages et inconv\u00e9nients de chaque plateforme.<\/p>\t\t\t\t\t\t\t\t<\/div>\n\t\t\t\t<\/div>\n\t\t\t\t<div class=\"elementor-element elementor-element-413f244 elementor-widget elementor-widget-spacer\" data-id=\"413f244\" data-element_type=\"widget\" data-e-type=\"widget\" data-widget_type=\"spacer.default\">\n\t\t\t\t<div class=\"elementor-widget-container\">\n\t\t\t\t\t\t\t<div class=\"elementor-spacer\">\n\t\t\t<div class=\"elementor-spacer-inner\"><\/div>\n\t\t<\/div>\n\t\t\t\t\t\t<\/div>\n\t\t\t\t<\/div>\n\t\t\t\t\t<\/div>\n\t\t<\/div>\n\t\t\t\t\t<\/div>\n\t\t<\/section>\n\t\t\t\t<section class=\"elementor-section elementor-top-section elementor-element elementor-element-c97cf87 elementor-section-stretched elementor-section-boxed elementor-section-height-default elementor-section-height-default\" data-id=\"c97cf87\" data-element_type=\"section\" data-e-type=\"section\" data-settings=\"{&quot;stretch_section&quot;:&quot;section-stretched&quot;}\">\n\t\t\t\t\t\t<div class=\"elementor-container elementor-column-gap-default\">\n\t\t\t\t\t<div class=\"elementor-column elementor-col-50 elementor-top-column elementor-element elementor-element-c3f795c\" data-id=\"c3f795c\" data-element_type=\"column\" data-e-type=\"column\">\n\t\t\t<div class=\"elementor-widget-wrap elementor-element-populated\">\n\t\t\t\t\t\t<div class=\"elementor-element elementor-element-3f318ac elementor-widget elementor-widget-heading\" data-id=\"3f318ac\" data-element_type=\"widget\" data-e-type=\"widget\" data-widget_type=\"heading.default\">\n\t\t\t\t<div class=\"elementor-widget-container\">\n\t\t\t\t\t<h3 class=\"elementor-heading-title elementor-size-default\">Tarification<\/h3>\t\t\t\t<\/div>\n\t\t\t\t<\/div>\n\t\t\t\t<div class=\"elementor-element elementor-element-b41b3da elementor-widget elementor-widget-text-editor\" data-id=\"b41b3da\" data-element_type=\"widget\" data-e-type=\"widget\" data-widget_type=\"text-editor.default\">\n\t\t\t\t<div class=\"elementor-widget-container\">\n\t\t\t\t\t\t\t\t\t<p>Il est possible que vous trouviez vos produits moins chers sur 1688 que sur Alibaba, cependant, ce n&#8217;est pas ce march\u00e9 mystique o\u00f9 les prix sont r\u00e9duits de moiti\u00e9. 4 fois sur 5, vous trouverez votre produit au m\u00eame prix sur Alibaba que sur 1688, cependant, il y a cette 1 fois sur 5 o\u00f9 vous trouverez un meilleur prix, non accessible via Alibaba.<\/p><p>Le prix d\u00e9pend de si vous traitez avec le fabricant ou le fournisseur. Le fabricant est la premi\u00e8re personne de la cha\u00eene, si vous traitez directement avec lui, vous pouvez l&#8217;obtenir au prix le plus bas.<\/p>\t\t\t\t\t\t\t\t<\/div>\n\t\t\t\t<\/div>\n\t\t\t\t\t<\/div>\n\t\t<\/div>\n\t\t\t\t<div class=\"elementor-column elementor-col-50 elementor-top-column elementor-element elementor-element-fbeecdf\" data-id=\"fbeecdf\" data-element_type=\"column\" data-e-type=\"column\">\n\t\t\t<div class=\"elementor-widget-wrap elementor-element-populated\">\n\t\t\t\t\t\t<div class=\"elementor-element elementor-element-1568990 elementor-widget elementor-widget-image\" data-id=\"1568990\" data-element_type=\"widget\" data-e-type=\"widget\" data-widget_type=\"image.default\">\n\t\t\t\t<div class=\"elementor-widget-container\">\n\t\t\t\t\t\t\t\t\t\t\t\t\t\t\t<img fetchpriority=\"high\" decoding=\"async\" width=\"300\" height=\"169\" src=\"https:\/\/chinesesourcingagents.com\/wp-content\/uploads\/2020\/01\/money-mobile-300x169.png\" class=\"attachment-medium size-medium wp-image-7330\" alt=\"La base manufacturi\u00e8re de l&#039;Inde a montr\u00e9 une croissance ann\u00e9e apr\u00e8s ann\u00e9e avec des salaires des travailleurs restant stables. Est-il temps de d\u00e9placer votre fabrication vers l&#039;Inde ?\" srcset=\"https:\/\/chinesesourcingagents.com\/wp-content\/uploads\/2020\/01\/money-mobile-300x169.png 300w, https:\/\/chinesesourcingagents.com\/wp-content\/uploads\/2020\/01\/money-mobile.png 600w\" sizes=\"(max-width: 300px) 100vw, 300px\" \/>\t\t\t\t\t\t\t\t\t\t\t\t\t\t\t<\/div>\n\t\t\t\t<\/div>\n\t\t\t\t\t<\/div>\n\t\t<\/div>\n\t\t\t\t\t<\/div>\n\t\t<\/section>\n\t\t\t\t<section class=\"elementor-section elementor-top-section elementor-element elementor-element-9cc5a8b elementor-section-stretched elementor-section-boxed elementor-section-height-default elementor-section-height-default\" data-id=\"9cc5a8b\" data-element_type=\"section\" data-e-type=\"section\" data-settings=\"{&quot;stretch_section&quot;:&quot;section-stretched&quot;}\">\n\t\t\t\t\t\t<div class=\"elementor-container elementor-column-gap-default\">\n\t\t\t\t\t<div class=\"elementor-column elementor-col-100 elementor-top-column elementor-element elementor-element-4b37de5\" data-id=\"4b37de5\" data-element_type=\"column\" data-e-type=\"column\">\n\t\t\t<div class=\"elementor-widget-wrap elementor-element-populated\">\n\t\t\t\t\t\t<div class=\"elementor-element elementor-element-1c6c119 elementor-widget elementor-widget-spacer\" data-id=\"1c6c119\" data-element_type=\"widget\" data-e-type=\"widget\" data-widget_type=\"spacer.default\">\n\t\t\t\t<div class=\"elementor-widget-container\">\n\t\t\t\t\t\t\t<div class=\"elementor-spacer\">\n\t\t\t<div class=\"elementor-spacer-inner\"><\/div>\n\t\t<\/div>\n\t\t\t\t\t\t<\/div>\n\t\t\t\t<\/div>\n\t\t\t\t<div class=\"elementor-element elementor-element-01c02dd elementor-widget elementor-widget-heading\" data-id=\"01c02dd\" data-element_type=\"widget\" data-e-type=\"widget\" data-widget_type=\"heading.default\">\n\t\t\t\t<div class=\"elementor-widget-container\">\n\t\t\t\t\t<h3 class=\"elementor-heading-title elementor-size-default\">Fabricants et fournisseurs<\/h3>\t\t\t\t<\/div>\n\t\t\t\t<\/div>\n\t\t\t\t<div class=\"elementor-element elementor-element-49f7a93 elementor-widget elementor-widget-text-editor\" data-id=\"49f7a93\" data-element_type=\"widget\" data-e-type=\"widget\" data-widget_type=\"text-editor.default\">\n\t\t\t\t<div class=\"elementor-widget-container\">\n\t\t\t\t\t\t\t\t\t<p>De nombreuses entreprises sur Alibaba sont des fournisseurs qui ach\u00e8tent au fabricant et ajoutent leur marge entre les deux, cependant, presque tous les vendeurs sur 1688 sont les fabricants originaux.<\/p>\t\t\t\t\t\t\t\t<\/div>\n\t\t\t\t<\/div>\n\t\t\t\t\t<\/div>\n\t\t<\/div>\n\t\t\t\t\t<\/div>\n\t\t<\/section>\n\t\t\t\t<section class=\"elementor-section elementor-top-section elementor-element elementor-element-5409cc7 elementor-section-stretched elementor-section-boxed elementor-section-height-default elementor-section-height-default\" data-id=\"5409cc7\" data-element_type=\"section\" data-e-type=\"section\" data-settings=\"{&quot;stretch_section&quot;:&quot;section-stretched&quot;}\">\n\t\t\t\t\t\t<div class=\"elementor-container elementor-column-gap-default\">\n\t\t\t\t\t<div class=\"elementor-column elementor-col-100 elementor-top-column elementor-element elementor-element-a9967ae\" data-id=\"a9967ae\" data-element_type=\"column\" data-e-type=\"column\">\n\t\t\t<div class=\"elementor-widget-wrap elementor-element-populated\">\n\t\t\t\t\t\t<div class=\"elementor-element elementor-element-d91bcd9 elementor-widget elementor-widget-spacer\" data-id=\"d91bcd9\" data-element_type=\"widget\" data-e-type=\"widget\" data-widget_type=\"spacer.default\">\n\t\t\t\t<div class=\"elementor-widget-container\">\n\t\t\t\t\t\t\t<div class=\"elementor-spacer\">\n\t\t\t<div class=\"elementor-spacer-inner\"><\/div>\n\t\t<\/div>\n\t\t\t\t\t\t<\/div>\n\t\t\t\t<\/div>\n\t\t\t\t<div class=\"elementor-element elementor-element-24b790c elementor-widget elementor-widget-heading\" data-id=\"24b790c\" data-element_type=\"widget\" data-e-type=\"widget\" data-widget_type=\"heading.default\">\n\t\t\t\t<div class=\"elementor-widget-container\">\n\t\t\t\t\t<h3 class=\"elementor-heading-title elementor-size-default\">Langue<\/h3>\t\t\t\t<\/div>\n\t\t\t\t<\/div>\n\t\t\t\t<div class=\"elementor-element elementor-element-8cdd2ce elementor-widget elementor-widget-text-editor\" data-id=\"8cdd2ce\" data-element_type=\"widget\" data-e-type=\"widget\" data-widget_type=\"text-editor.default\">\n\t\t\t\t<div class=\"elementor-widget-container\">\n\t\t\t\t\t\t\t\t\t<p>L&#8217;obstacle le plus notable pour utiliser 1688 est la barri\u00e8re linguistique, le site web et les commerciaux des usines utilisent le chinois. Vous pouvez essayer d&#8217;utiliser le traducteur de site web de votre navigateur mais pour un site aussi complexe et charg\u00e9 que 1688, cela ne fonctionne tout simplement pas. Si vous trouvez ce que vous voulez et que vous devez parler au commercial, vous pouvez \u00e0 nouveau utiliser un traducteur pour communiquer avec lui mais si le produit ou le processus est m\u00eame l\u00e9g\u00e8rement compliqu\u00e9, vous serez en difficult\u00e9.<\/p>\t\t\t\t\t\t\t\t<\/div>\n\t\t\t\t<\/div>\n\t\t\t\t\t<\/div>\n\t\t<\/div>\n\t\t\t\t\t<\/div>\n\t\t<\/section>\n\t\t\t\t<section class=\"elementor-section elementor-top-section elementor-element elementor-element-156c41d elementor-section-stretched elementor-section-full_width elementor-section-height-min-height elementor-section-height-default elementor-section-items-middle\" data-id=\"156c41d\" data-element_type=\"section\" data-e-type=\"section\" data-settings=\"{&quot;stretch_section&quot;:&quot;section-stretched&quot;,&quot;background_background&quot;:&quot;classic&quot;}\">\n\t\t\t\t\t\t<div class=\"elementor-container elementor-column-gap-default\">\n\t\t\t\t\t<div class=\"elementor-column elementor-col-100 elementor-top-column elementor-element elementor-element-fb11044\" data-id=\"fb11044\" data-element_type=\"column\" data-e-type=\"column\">\n\t\t\t<div class=\"elementor-widget-wrap\">\n\t\t\t\t\t\t\t<\/div>\n\t\t<\/div>\n\t\t\t\t\t<\/div>\n\t\t<\/section>\n\t\t\t\t<section class=\"elementor-section elementor-top-section elementor-element elementor-element-6c7a509 elementor-section-stretched elementor-section-boxed elementor-section-height-default elementor-section-height-default\" data-id=\"6c7a509\" data-element_type=\"section\" data-e-type=\"section\" data-settings=\"{&quot;stretch_section&quot;:&quot;section-stretched&quot;}\">\n\t\t\t\t\t\t<div class=\"elementor-container elementor-column-gap-default\">\n\t\t\t\t\t<div class=\"elementor-column elementor-col-100 elementor-top-column elementor-element elementor-element-6041f00\" data-id=\"6041f00\" data-element_type=\"column\" data-e-type=\"column\">\n\t\t\t<div class=\"elementor-widget-wrap elementor-element-populated\">\n\t\t\t\t\t\t<div class=\"elementor-element elementor-element-3ba48a3 elementor-widget elementor-widget-spacer\" data-id=\"3ba48a3\" data-element_type=\"widget\" data-e-type=\"widget\" data-widget_type=\"spacer.default\">\n\t\t\t\t<div class=\"elementor-widget-container\">\n\t\t\t\t\t\t\t<div class=\"elementor-spacer\">\n\t\t\t<div class=\"elementor-spacer-inner\"><\/div>\n\t\t<\/div>\n\t\t\t\t\t\t<\/div>\n\t\t\t\t<\/div>\n\t\t\t\t<div class=\"elementor-element elementor-element-15221bc elementor-widget elementor-widget-heading\" data-id=\"15221bc\" data-element_type=\"widget\" data-e-type=\"widget\" data-widget_type=\"heading.default\">\n\t\t\t\t<div class=\"elementor-widget-container\">\n\t\t\t\t\t<h3 class=\"elementor-heading-title elementor-size-default\">Exportation<\/h3>\t\t\t\t<\/div>\n\t\t\t\t<\/div>\n\t\t\t\t<div class=\"elementor-element elementor-element-a39fee6 elementor-widget elementor-widget-text-editor\" data-id=\"a39fee6\" data-element_type=\"widget\" data-e-type=\"widget\" data-widget_type=\"text-editor.default\">\n\t\t\t\t<div class=\"elementor-widget-container\">\n\t\t\t\t\t\t\t\t\t<p>Environ un quart des fabricants sur 1688 n&#8217;ont pas de licences d&#8217;exportation. Cela ne signifie pas que vous ne pouvez pas exporter les produits hors du pays, cela signifie simplement que vous devez utiliser un agent qui a la licence appropri\u00e9e pour exporter ce produit, ou vous pouvez payer \u00e0 un agent des frais uniques, g\u00e9n\u00e9ralement autour de 30 \u00a3 pour \u00eatre l&#8217;exportateur d\u00e9sign\u00e9 pour vous.<\/p>\t\t\t\t\t\t\t\t<\/div>\n\t\t\t\t<\/div>\n\t\t\t\t\t<\/div>\n\t\t<\/div>\n\t\t\t\t\t<\/div>\n\t\t<\/section>\n\t\t\t\t<section class=\"elementor-section elementor-top-section elementor-element elementor-element-9b001fe elementor-section-stretched elementor-section-boxed elementor-section-height-default elementor-section-height-default\" data-id=\"9b001fe\" data-element_type=\"section\" data-e-type=\"section\" data-settings=\"{&quot;stretch_section&quot;:&quot;section-stretched&quot;}\">\n\t\t\t\t\t\t<div class=\"elementor-container elementor-column-gap-default\">\n\t\t\t\t\t<div class=\"elementor-column elementor-col-100 elementor-top-column elementor-element elementor-element-e30d986\" data-id=\"e30d986\" data-element_type=\"column\" data-e-type=\"column\">\n\t\t\t<div class=\"elementor-widget-wrap elementor-element-populated\">\n\t\t\t\t\t\t<div class=\"elementor-element elementor-element-f4cdae6 elementor-widget elementor-widget-spacer\" data-id=\"f4cdae6\" data-element_type=\"widget\" data-e-type=\"widget\" data-widget_type=\"spacer.default\">\n\t\t\t\t<div class=\"elementor-widget-container\">\n\t\t\t\t\t\t\t<div class=\"elementor-spacer\">\n\t\t\t<div class=\"elementor-spacer-inner\"><\/div>\n\t\t<\/div>\n\t\t\t\t\t\t<\/div>\n\t\t\t\t<\/div>\n\t\t\t\t<div class=\"elementor-element elementor-element-38937ab elementor-widget elementor-widget-heading\" data-id=\"38937ab\" data-element_type=\"widget\" data-e-type=\"widget\" data-widget_type=\"heading.default\">\n\t\t\t\t<div class=\"elementor-widget-container\">\n\t\t\t\t\t<h3 class=\"elementor-heading-title elementor-size-default\">Paiement<\/h3>\t\t\t\t<\/div>\n\t\t\t\t<\/div>\n\t\t\t\t<div class=\"elementor-element elementor-element-cd43af8 elementor-widget elementor-widget-text-editor\" data-id=\"cd43af8\" data-element_type=\"widget\" data-e-type=\"widget\" data-widget_type=\"text-editor.default\">\n\t\t\t\t<div class=\"elementor-widget-container\">\n\t\t\t\t\t\t\t\t\t<p>Un autre obstacle pour 1688 est qu&#8217;il est tr\u00e8s peu probable que vous puissiez payer le fabricant en GBP et souvent vous ne pouvez m\u00eame pas les payer depuis un compte bancaire non chinois. Vous devez les payer en RMB depuis un compte bancaire chinois domestique.<\/p>\t\t\t\t\t\t\t\t<\/div>\n\t\t\t\t<\/div>\n\t\t\t\t<div class=\"elementor-element elementor-element-f8217fa elementor-widget elementor-widget-spacer\" data-id=\"f8217fa\" data-element_type=\"widget\" data-e-type=\"widget\" data-widget_type=\"spacer.default\">\n\t\t\t\t<div class=\"elementor-widget-container\">\n\t\t\t\t\t\t\t<div class=\"elementor-spacer\">\n\t\t\t<div class=\"elementor-spacer-inner\"><\/div>\n\t\t<\/div>\n\t\t\t\t\t\t<\/div>\n\t\t\t\t<\/div>\n\t\t\t\t\t<\/div>\n\t\t<\/div>\n\t\t\t\t\t<\/div>\n\t\t<\/section>\n\t\t\t\t<section class=\"elementor-section elementor-top-section elementor-element elementor-element-a99723c elementor-section-stretched elementor-section-boxed elementor-section-height-default elementor-section-height-default\" data-id=\"a99723c\" data-element_type=\"section\" data-e-type=\"section\" data-settings=\"{&quot;stretch_section&quot;:&quot;section-stretched&quot;}\">\n\t\t\t\t\t\t<div class=\"elementor-container elementor-column-gap-default\">\n\t\t\t\t\t<div class=\"elementor-column elementor-col-100 elementor-top-column elementor-element elementor-element-be908b2\" data-id=\"be908b2\" data-element_type=\"column\" data-e-type=\"column\">\n\t\t\t<div class=\"elementor-widget-wrap elementor-element-populated\">\n\t\t\t\t\t\t<div class=\"elementor-element elementor-element-bdeb97e elementor-widget elementor-widget-heading\" data-id=\"bdeb97e\" data-element_type=\"widget\" data-e-type=\"widget\" data-widget_type=\"heading.default\">\n\t\t\t\t<div class=\"elementor-widget-container\">\n\t\t\t\t\t<h3 class=\"elementor-heading-title elementor-size-default\">Assurance commerciale<\/h3>\t\t\t\t<\/div>\n\t\t\t\t<\/div>\n\t\t\t\t<div class=\"elementor-element elementor-element-0c61cb5 elementor-widget elementor-widget-text-editor\" data-id=\"0c61cb5\" data-element_type=\"widget\" data-e-type=\"widget\" data-widget_type=\"text-editor.default\">\n\t\t\t\t<div class=\"elementor-widget-container\">\n\t\t\t\t\t\t\t\t\t<p>1688 et Alibaba ont tous deux une assurance commerciale, tant que vous payez de la mani\u00e8re que la plateforme indique et que vous avez un accord clair en place avec l&#8217;entreprise aupr\u00e8s de laquelle vous achetez sous la forme d&#8217;une facture proforma ou d&#8217;un accord de fabrication, vous serez prot\u00e9g\u00e9.<\/p>\t\t\t\t\t\t\t\t<\/div>\n\t\t\t\t<\/div>\n\t\t\t\t\t<\/div>\n\t\t<\/div>\n\t\t\t\t\t<\/div>\n\t\t<\/section>\n\t\t\t\t<section class=\"elementor-section elementor-top-section elementor-element elementor-element-ef8051f elementor-section-stretched elementor-section-boxed elementor-section-height-default elementor-section-height-default\" data-id=\"ef8051f\" data-element_type=\"section\" data-e-type=\"section\" data-settings=\"{&quot;stretch_section&quot;:&quot;section-stretched&quot;}\">\n\t\t\t\t\t\t<div class=\"elementor-container elementor-column-gap-default\">\n\t\t\t\t\t<div class=\"elementor-column elementor-col-100 elementor-top-column elementor-element elementor-element-5f96a95\" data-id=\"5f96a95\" data-element_type=\"column\" data-e-type=\"column\">\n\t\t\t<div class=\"elementor-widget-wrap elementor-element-populated\">\n\t\t\t\t\t\t<div class=\"elementor-element elementor-element-1e12c22 elementor-widget elementor-widget-spacer\" data-id=\"1e12c22\" data-element_type=\"widget\" data-e-type=\"widget\" data-widget_type=\"spacer.default\">\n\t\t\t\t<div class=\"elementor-widget-container\">\n\t\t\t\t\t\t\t<div class=\"elementor-spacer\">\n\t\t\t<div class=\"elementor-spacer-inner\"><\/div>\n\t\t<\/div>\n\t\t\t\t\t\t<\/div>\n\t\t\t\t<\/div>\n\t\t\t\t<div class=\"elementor-element elementor-element-71b762d elementor-widget elementor-widget-heading\" data-id=\"71b762d\" data-element_type=\"widget\" data-e-type=\"widget\" data-widget_type=\"heading.default\">\n\t\t\t\t<div class=\"elementor-widget-container\">\n\t\t\t\t\t<h3 class=\"elementor-heading-title elementor-size-default\">Conclusion<\/h3>\t\t\t\t<\/div>\n\t\t\t\t<\/div>\n\t\t\t\t<div class=\"elementor-element elementor-element-5d3a77e elementor-widget elementor-widget-text-editor\" data-id=\"5d3a77e\" data-element_type=\"widget\" data-e-type=\"widget\" data-widget_type=\"text-editor.default\">\n\t\t\t\t<div class=\"elementor-widget-container\">\n\t\t\t\t\t\t\t\t\t<p>1688 est une excellente plateforme et elle \u00e9limine presque tous les interm\u00e9diaires vous donnant un acc\u00e8s direct aux usines et parfois une petite r\u00e9duction de prix, cependant, \u00e0 moins que vous ne parliez chinois, cela ne vaut pas la peine. Si vous parlez chinois alors c&#8217;est la plateforme que vous devriez utiliser en premier, tous les fabricants en Chine ne sont pas sur 1688, certains ne sont que sur Alibaba mais vous devriez commencer sur 1688 et utiliser Alibaba si vous ne parvenez pas \u00e0 trouver ce dont vous avez besoin. Id\u00e9alement, vous devriez \u00e9galement avoir un syst\u00e8me en place pour payer depuis un compte bancaire chinois et peut-\u00eatre \u00eatre capable de faire exporter les produits vous-m\u00eame.<\/p><p>Chez Chinese Sourcing Agents, nous nous occupons de tout le processus pour faire livrer vos produits \u00e0 votre emplacement. Notre personnel parlant chinois <a href=\"https:\/\/chinesesourcingagents.com\/sourcing\/\">s&#8217;approvisionne<\/a> directement aupr\u00e8s des fabricants pour s&#8217;assurer de vous apporter le meilleur prix possible. Notre <a href=\"https:\/\/chinesesourcingagents.com\/fr\/tarification\/\">tarification<\/a> transparente de 8 % de commission jusqu&#8217;\u00e0 7 800 \u00a3 et 5 % apr\u00e8s sur les produits signifie que vous savez o\u00f9 va votre argent. Pour cela, nous nous approvisionnons en votre produit, v\u00e9rifions les fabricants et certifications, nous occupons des <a href=\"https:\/\/chinesesourcingagents.com\/fr\/controle-qualite\/\">\u00e9chantillons<\/a>, les faisant souvent livrer \u00e0 notre emplacement \u00e0 Shanghai avant de vous les envoyer si un appel vid\u00e9o avec nous ne suffit pas, vous faisant \u00e9conomiser du temps et de l&#8217;argent. Nous r\u00e9digeons l&#8217;accord de fabrication et vous permettons de payer vos produits en GBP ainsi que de g\u00e9rer le processus de fabrication avec l&#8217;usine. Nous nous occupons de l&#8217;exp\u00e9dition et g\u00e9rons le transport en votre nom, vous apportant les prix les plus bas possibles et ne facturant aucune commission du tout sur le transport. Nous faisons d\u00e9douaner vos marchandises et les acheminons \u00e0 votre emplacement aussi rapidement que possible.<\/p><p>Si vous souhaitez que nous examinions l&#8217;un de vos produits, veuillez utiliser le formulaire de contact et nous contacter.<\/p>\t\t\t\t\t\t\t\t<\/div>\n\t\t\t\t<\/div>\n\t\t\t\t\t<\/div>\n\t\t<\/div>\n\t\t\t\t\t<\/div>\n\t\t<\/section>\n\t\t\t\t<\/div>\n\t\t","protected":false},"excerpt":{"rendered":"<p>1688 vs Alibaba Qu&#8217;est-ce que 1688.Com ? En chinois, 1688 se prononce \u00ab Yao Liu Ba Ba \u00bb ce qui ressemble \u00e0 \u00ab A Li Ba Ba \u00bb. En termes simples, il s&#8217;agit de la version chinoise d&#8217;Alibaba. Vous recherchez des produits de la m\u00eame mani\u00e8re que sur Alibaba. Dans cet article, nous identifions les &hellip; <\/p>\n<p class=\"link-more\"><a href=\"https:\/\/chinesesourcingagents.com\/fr\/1688-vs-alibaba\/\" class=\"more-link\">Continuer la lecture <span class=\"screen-reader-text\"> \u00ab\u00a01688 vs alibaba\u00a0\u00bb<\/span><\/a><\/p>\n","protected":false},"author":1,"featured_media":0,"parent":0,"menu_order":0,"comment_status":"closed","ping_status":"closed","template":"","meta":{"nf_dc_page":"","_monsterinsights_skip_tracking":false,"_monsterinsights_sitenote_active":false,"_monsterinsights_sitenote_note":"","_monsterinsights_sitenote_category":0,"footnotes":""},"class_list":["post-7327","page","type-page","status-publish","hentry","entry"],"aioseo_notices":[],"_links":{"self":[{"href":"https:\/\/chinesesourcingagents.com\/fr\/wp-json\/wp\/v2\/pages\/7327","targetHints":{"allow":["GET"]}}],"collection":[{"href":"https:\/\/chinesesourcingagents.com\/fr\/wp-json\/wp\/v2\/pages"}],"about":[{"href":"https:\/\/chinesesourcingagents.com\/fr\/wp-json\/wp\/v2\/types\/page"}],"author":[{"embeddable":true,"href":"https:\/\/chinesesourcingagents.com\/fr\/wp-json\/wp\/v2\/users\/1"}],"replies":[{"embeddable":true,"href":"https:\/\/chinesesourcingagents.com\/fr\/wp-json\/wp\/v2\/comments?post=7327"}],"version-history":[{"count":1,"href":"https:\/\/chinesesourcingagents.com\/fr\/wp-json\/wp\/v2\/pages\/7327\/revisions"}],"predecessor-version":[{"id":7331,"href":"https:\/\/chinesesourcingagents.com\/fr\/wp-json\/wp\/v2\/pages\/7327\/revisions\/7331"}],"wp:attachment":[{"href":"https:\/\/chinesesourcingagents.com\/fr\/wp-json\/wp\/v2\/media?parent=7327"}],"curies":[{"name":"wp","href":"https:\/\/api.w.org\/{rel}","templated":true}]}}